{"id":18,"date":"2025-06-25T09:15:59","date_gmt":"2025-06-25T09:15:59","guid":{"rendered":"https:\/\/e-multipurpose23.ziptemplates.top\/?page_id=18"},"modified":"2025-06-30T02:59:20","modified_gmt":"2025-06-30T02:59:20","slug":"services","status":"publish","type":"page","link":"https:\/\/surefooted-slipstream-py.zipwp.xyz\/en\/services\/","title":{"rendered":"Services"},"content":{"rendered":"<div data-elementor-type=\"wp-page\" data-elementor-id=\"18\" class=\"elementor elementor-18\">\n\t\t\t\t<div class=\"elementor-element elementor-element-193dffe e-flex e-con-boxed e-con e-parent\" data-id=\"193dffe\" data-element_type=\"container\" data-e-type=\"container\" data-settings=\"{&quot;background_background&quot;:&quot;classic&quot;,&quot;shape_divider_bottom&quot;:&quot;tilt&quot;}\">\n\t\t\t\t\t<div class=\"e-con-inner\">\n\t\t\t\t<div class=\"elementor-shape elementor-shape-bottom\" aria-hidden=\"true\" data-negative=\"false\">\n\t\t\t<svg xmlns=\"http:\/\/www.w3.org\/2000\/svg\" viewbox=\"0 0 1000 100\" preserveaspectratio=\"none\">\n\t<path class=\"elementor-shape-fill\" d=\"M0,6V0h1000v100L0,6z\"\/>\n<\/svg>\t\t<\/div>\n\t\t\t\t<div class=\"elementor-element elementor-element-ba83290 elementor-widget elementor-widget-heading\" data-id=\"ba83290\" data-element_type=\"widget\" data-e-type=\"widget\" data-widget_type=\"heading.default\">\n\t\t\t\t<div class=\"elementor-widget-container\">\n\t\t\t\t\t<div class=\"elementor-heading-title elementor-size-default\">Nos Services<\/div>\t\t\t\t<\/div>\n\t\t\t\t<\/div>\n\t\t\t\t<div class=\"elementor-element elementor-element-053da92 elementor-widget elementor-widget-heading\" data-id=\"053da92\" data-element_type=\"widget\" data-e-type=\"widget\" data-widget_type=\"heading.default\">\n\t\t\t\t<div class=\"elementor-widget-container\">\n\t\t\t\t\t<h1 class=\"elementor-heading-title elementor-size-default\">Solutions Digitales Pour Votre Entreprise<\/h1>\t\t\t\t<\/div>\n\t\t\t\t<\/div>\n\t\t\t\t\t<\/div>\n\t\t\t\t<\/div>\n\t\t<div class=\"elementor-element elementor-element-5ff379a e-flex e-con-boxed e-con e-parent\" data-id=\"5ff379a\" data-element_type=\"container\" data-e-type=\"container\">\n\t\t\t\t\t<div class=\"e-con-inner\">\n\t\t<div class=\"elementor-element elementor-element-a21f989 e-con-full e-flex e-con e-child\" data-id=\"a21f989\" data-element_type=\"container\" data-e-type=\"container\">\n\t\t<div class=\"elementor-element elementor-element-b790301 e-con-full e-flex e-con e-child\" data-id=\"b790301\" data-element_type=\"container\" data-e-type=\"container\">\n\t\t\t\t<div class=\"elementor-element elementor-element-50991b5 elementor-widget__width-initial elementor-widget elementor-widget-heading\" data-id=\"50991b5\" data-element_type=\"widget\" data-e-type=\"widget\" data-widget_type=\"heading.default\">\n\t\t\t\t<div class=\"elementor-widget-container\">\n\t\t\t\t\t<h2 class=\"elementor-heading-title elementor-size-default\">01.<\/h2>\t\t\t\t<\/div>\n\t\t\t\t<\/div>\n\t\t\t\t<div class=\"elementor-element elementor-element-a6032ca elementor-widget__width-initial elementor-widget elementor-widget-hfe-infocard\" data-id=\"a6032ca\" data-element_type=\"widget\" data-e-type=\"widget\" data-widget_type=\"hfe-infocard.default\">\n\t\t\t\t<div class=\"elementor-widget-container\">\n\t\t\t\t\t\n\t\t<div class=\"hfe-infocard\">\n\t\t\t\t\t\t\t\t\t<div class=\"hfe-infocard-title-wrap\">\n\t\t\t\t<h3 class=\"hfe-infocard-title elementor-inline-editing\" data-elementor-setting-key=\"infocard_title\" data-elementor-inline-editing-toolbar=\"basic\" >Cr\u00e9ation de Sites Web<\/h3>\t\t\t<\/div>\n\t\t\t\t\t\t<div class=\"hfe-infocard-text-wrap\">\n\t\t\t\t<div class=\"hfe-infocard-text elementor-inline-editing\" data-elementor-setting-key=\"infocard_description\" data-elementor-inline-editing-toolbar=\"advanced\">\n\t\t\t\t\tNotre \u00e9quipe cr\u00e9e des sites web sur mesure, alliant esth\u00e9tique et fonctionnalit\u00e9, pour garantir une pr\u00e9sence en ligne qui attire vos clients et r\u00e9pond \u00e0 leurs attentes.\t\t\t\t<\/div>\n\t\t\t\t\t\t\t<\/div>\n\t\t<\/div>\n\n\t\t\t\t\t\t<\/div>\n\t\t\t\t<\/div>\n\t\t\t\t<\/div>\n\t\t\t\t<div class=\"elementor-element elementor-element-e46dc58 elementor-widget elementor-widget-image\" data-id=\"e46dc58\" data-element_type=\"widget\" data-e-type=\"widget\" data-widget_type=\"image.default\">\n\t\t\t\t<div class=\"elementor-widget-container\">\n\t\t\t\t\t\t\t\t\t\t\t\t\t\t\t<img fetchpriority=\"high\" decoding=\"async\" width=\"683\" height=\"1024\" src=\"https:\/\/surefooted-slipstream-py.zipwp.xyz\/wp-content\/uploads\/2026\/05\/black-laptop-computer-on-brown-wooden-table-jaoefnmzfsw-683x1024.jpeg\" class=\"attachment-large size-large wp-image-1125\" alt=\"A laptop showing a startup pitch deck with the business model slide shown on the screen.\" srcset=\"https:\/\/surefooted-slipstream-py.zipwp.xyz\/wp-content\/uploads\/2026\/05\/black-laptop-computer-on-brown-wooden-table-jaoefnmzfsw-683x1024.jpeg 683w, https:\/\/surefooted-slipstream-py.zipwp.xyz\/wp-content\/uploads\/2026\/05\/black-laptop-computer-on-brown-wooden-table-jaoefnmzfsw-200x300.jpeg 200w, https:\/\/surefooted-slipstream-py.zipwp.xyz\/wp-content\/uploads\/2026\/05\/black-laptop-computer-on-brown-wooden-table-jaoefnmzfsw-768x1152.jpeg 768w, https:\/\/surefooted-slipstream-py.zipwp.xyz\/wp-content\/uploads\/2026\/05\/black-laptop-computer-on-brown-wooden-table-jaoefnmzfsw-1024x1536.jpeg 1024w, https:\/\/surefooted-slipstream-py.zipwp.xyz\/wp-content\/uploads\/2026\/05\/black-laptop-computer-on-brown-wooden-table-jaoefnmzfsw.jpeg 1080w\" sizes=\"(max-width: 683px) 100vw, 683px\" title=\"Services\">\t\t\t\t\t\t\t\t\t\t\t\t\t\t\t<\/div>\n\t\t\t\t<\/div>\n\t\t\t\t<\/div>\n\t\t<div class=\"elementor-element elementor-element-155f5ad e-con-full e-flex e-con e-child\" data-id=\"155f5ad\" data-element_type=\"container\" data-e-type=\"container\">\n\t\t<div class=\"elementor-element elementor-element-124570d e-con-full e-flex e-con e-child\" data-id=\"124570d\" data-element_type=\"container\" data-e-type=\"container\">\n\t\t\t\t<div class=\"elementor-element elementor-element-96dcff2 elementor-widget__width-initial elementor-widget elementor-widget-heading\" data-id=\"96dcff2\" data-element_type=\"widget\" data-e-type=\"widget\" data-widget_type=\"heading.default\">\n\t\t\t\t<div class=\"elementor-widget-container\">\n\t\t\t\t\t<h2 class=\"elementor-heading-title elementor-size-default\">02.<\/h2>\t\t\t\t<\/div>\n\t\t\t\t<\/div>\n\t\t\t\t<div class=\"elementor-element elementor-element-444bdb8 elementor-widget__width-initial elementor-widget elementor-widget-hfe-infocard\" data-id=\"444bdb8\" data-element_type=\"widget\" data-e-type=\"widget\" data-widget_type=\"hfe-infocard.default\">\n\t\t\t\t<div class=\"elementor-widget-container\">\n\t\t\t\t\t\n\t\t<div class=\"hfe-infocard\">\n\t\t\t\t\t\t\t\t\t<div class=\"hfe-infocard-title-wrap\">\n\t\t\t\t<h3 class=\"hfe-infocard-title elementor-inline-editing\" data-elementor-setting-key=\"infocard_title\" data-elementor-inline-editing-toolbar=\"basic\" >Marketing Digital<\/h3>\t\t\t<\/div>\n\t\t\t\t\t\t<div class=\"hfe-infocard-text-wrap\">\n\t\t\t\t<div class=\"hfe-infocard-text elementor-inline-editing\" data-elementor-setting-key=\"infocard_description\" data-elementor-inline-editing-toolbar=\"advanced\">\n\t\t\t\t\tNous \u00e9laborons des campagnes de marketing digital cibl\u00e9es, utilisant SEO, SEM et r\u00e9seaux sociaux pour maximiser votre retour sur investissement et accro\u00eetre votre notori\u00e9t\u00e9 sur le web.\t\t\t\t<\/div>\n\t\t\t\t\t\t\t<\/div>\n\t\t<\/div>\n\n\t\t\t\t\t\t<\/div>\n\t\t\t\t<\/div>\n\t\t\t\t<\/div>\n\t\t\t\t<div class=\"elementor-element elementor-element-df81881 elementor-widget elementor-widget-image\" data-id=\"df81881\" data-element_type=\"widget\" data-e-type=\"widget\" data-widget_type=\"image.default\">\n\t\t\t\t<div class=\"elementor-widget-container\">\n\t\t\t\t\t\t\t\t\t\t\t\t\t\t\t<img decoding=\"async\" width=\"683\" height=\"1024\" src=\"https:\/\/surefooted-slipstream-py.zipwp.xyz\/wp-content\/uploads\/2026\/05\/a-person-using-a-laptop-computer-on-a-desk-9imwtlr1wvi-683x1024.jpeg\" class=\"attachment-large size-large wp-image-1136\" alt=\"a-person-using-a-laptop-computer-on-a-desk-9imwtlr1wvi\" srcset=\"https:\/\/surefooted-slipstream-py.zipwp.xyz\/wp-content\/uploads\/2026\/05\/a-person-using-a-laptop-computer-on-a-desk-9imwtlr1wvi-683x1024.jpeg 683w, https:\/\/surefooted-slipstream-py.zipwp.xyz\/wp-content\/uploads\/2026\/05\/a-person-using-a-laptop-computer-on-a-desk-9imwtlr1wvi-200x300.jpeg 200w, https:\/\/surefooted-slipstream-py.zipwp.xyz\/wp-content\/uploads\/2026\/05\/a-person-using-a-laptop-computer-on-a-desk-9imwtlr1wvi-768x1152.jpeg 768w, https:\/\/surefooted-slipstream-py.zipwp.xyz\/wp-content\/uploads\/2026\/05\/a-person-using-a-laptop-computer-on-a-desk-9imwtlr1wvi-1024x1536.jpeg 1024w, https:\/\/surefooted-slipstream-py.zipwp.xyz\/wp-content\/uploads\/2026\/05\/a-person-using-a-laptop-computer-on-a-desk-9imwtlr1wvi.jpeg 1080w\" sizes=\"(max-width: 683px) 100vw, 683px\" title=\"Services\">\t\t\t\t\t\t\t\t\t\t\t\t\t\t\t<\/div>\n\t\t\t\t<\/div>\n\t\t\t\t<\/div>\n\t\t<div class=\"elementor-element elementor-element-d9c2dd2 e-con-full e-flex e-con e-child\" data-id=\"d9c2dd2\" data-element_type=\"container\" data-e-type=\"container\">\n\t\t<div class=\"elementor-element elementor-element-fcb27ac e-con-full e-flex e-con e-child\" data-id=\"fcb27ac\" data-element_type=\"container\" data-e-type=\"container\">\n\t\t\t\t<div class=\"elementor-element elementor-element-96191d6 elementor-widget__width-initial elementor-widget elementor-widget-heading\" data-id=\"96191d6\" data-element_type=\"widget\" data-e-type=\"widget\" data-widget_type=\"heading.default\">\n\t\t\t\t<div class=\"elementor-widget-container\">\n\t\t\t\t\t<h2 class=\"elementor-heading-title elementor-size-default\">03.<\/h2>\t\t\t\t<\/div>\n\t\t\t\t<\/div>\n\t\t\t\t<div class=\"elementor-element elementor-element-5d2b846 elementor-widget__width-initial elementor-widget elementor-widget-hfe-infocard\" data-id=\"5d2b846\" data-element_type=\"widget\" data-e-type=\"widget\" data-widget_type=\"hfe-infocard.default\">\n\t\t\t\t<div class=\"elementor-widget-container\">\n\t\t\t\t\t\n\t\t<div class=\"hfe-infocard\">\n\t\t\t\t\t\t\t\t\t<div class=\"hfe-infocard-title-wrap\">\n\t\t\t\t<h3 class=\"hfe-infocard-title elementor-inline-editing\" data-elementor-setting-key=\"infocard_title\" data-elementor-inline-editing-toolbar=\"basic\" >Branding<\/h3>\t\t\t<\/div>\n\t\t\t\t\t\t<div class=\"hfe-infocard-text-wrap\">\n\t\t\t\t<div class=\"hfe-infocard-text elementor-inline-editing\" data-elementor-setting-key=\"infocard_description\" data-elementor-inline-editing-toolbar=\"advanced\">\n\t\t\t\t\tNotre \u00e9quipe vous accompagne dans la cr\u00e9ation d'une image de marque unique et coh\u00e9rente, en travaillant sur le logo, le message et tous les \u00e9l\u00e9ments visuels qui vous repr\u00e9sentent.\t\t\t\t<\/div>\n\t\t\t\t\t\t\t<\/div>\n\t\t<\/div>\n\n\t\t\t\t\t\t<\/div>\n\t\t\t\t<\/div>\n\t\t\t\t<\/div>\n\t\t\t\t<div class=\"elementor-element elementor-element-6cbb934 elementor-widget elementor-widget-image\" data-id=\"6cbb934\" data-element_type=\"widget\" data-e-type=\"widget\" data-widget_type=\"image.default\">\n\t\t\t\t<div class=\"elementor-widget-container\">\n\t\t\t\t\t\t\t\t\t\t\t\t\t\t\t<img decoding=\"async\" width=\"683\" height=\"1024\" src=\"https:\/\/surefooted-slipstream-py.zipwp.xyz\/wp-content\/uploads\/2026\/05\/black-smartphone-on-white-table-52h5nfi5wie-683x1024.jpeg\" class=\"attachment-large size-large wp-image-1140\" alt=\"Floating iPhone XR with the Walling App open.\" srcset=\"https:\/\/surefooted-slipstream-py.zipwp.xyz\/wp-content\/uploads\/2026\/05\/black-smartphone-on-white-table-52h5nfi5wie-683x1024.jpeg 683w, https:\/\/surefooted-slipstream-py.zipwp.xyz\/wp-content\/uploads\/2026\/05\/black-smartphone-on-white-table-52h5nfi5wie-200x300.jpeg 200w, https:\/\/surefooted-slipstream-py.zipwp.xyz\/wp-content\/uploads\/2026\/05\/black-smartphone-on-white-table-52h5nfi5wie-768x1152.jpeg 768w, https:\/\/surefooted-slipstream-py.zipwp.xyz\/wp-content\/uploads\/2026\/05\/black-smartphone-on-white-table-52h5nfi5wie-1024x1536.jpeg 1024w, https:\/\/surefooted-slipstream-py.zipwp.xyz\/wp-content\/uploads\/2026\/05\/black-smartphone-on-white-table-52h5nfi5wie.jpeg 1080w\" sizes=\"(max-width: 683px) 100vw, 683px\" title=\"Services\">\t\t\t\t\t\t\t\t\t\t\t\t\t\t\t<\/div>\n\t\t\t\t<\/div>\n\t\t\t\t<\/div>\n\t\t<div class=\"elementor-element elementor-element-be1b516 e-con-full e-flex e-con e-child\" data-id=\"be1b516\" data-element_type=\"container\" data-e-type=\"container\">\n\t\t<div class=\"elementor-element elementor-element-bc326fc e-con-full e-flex e-con e-child\" data-id=\"bc326fc\" data-element_type=\"container\" data-e-type=\"container\">\n\t\t\t\t<div class=\"elementor-element elementor-element-93740d2 elementor-widget__width-initial elementor-widget elementor-widget-heading\" data-id=\"93740d2\" data-element_type=\"widget\" data-e-type=\"widget\" data-widget_type=\"heading.default\">\n\t\t\t\t<div class=\"elementor-widget-container\">\n\t\t\t\t\t<h2 class=\"elementor-heading-title elementor-size-default\">04.<\/h2>\t\t\t\t<\/div>\n\t\t\t\t<\/div>\n\t\t\t\t<div class=\"elementor-element elementor-element-801b655 elementor-widget__width-initial elementor-widget elementor-widget-hfe-infocard\" data-id=\"801b655\" data-element_type=\"widget\" data-e-type=\"widget\" data-widget_type=\"hfe-infocard.default\">\n\t\t\t\t<div class=\"elementor-widget-container\">\n\t\t\t\t\t\n\t\t<div class=\"hfe-infocard\">\n\t\t\t\t\t\t\t\t\t<div class=\"hfe-infocard-title-wrap\">\n\t\t\t\t<h3 class=\"hfe-infocard-title elementor-inline-editing\" data-elementor-setting-key=\"infocard_title\" data-elementor-inline-editing-toolbar=\"basic\" >Consultation Strat\u00e9gique<\/h3>\t\t\t<\/div>\n\t\t\t\t\t\t<div class=\"hfe-infocard-text-wrap\">\n\t\t\t\t<div class=\"hfe-infocard-text elementor-inline-editing\" data-elementor-setting-key=\"infocard_description\" data-elementor-inline-editing-toolbar=\"advanced\">\n\t\t\t\t\tNous offrons des services de consultation strat\u00e9gique pour optimiser votre pr\u00e9sence en ligne et \u00e9laborer des plans d'action efficaces, ajust\u00e9s \u00e0 vos objectifs commerciaux et \u00e0 votre march\u00e9 cible.\t\t\t\t<\/div>\n\t\t\t\t\t\t\t<\/div>\n\t\t<\/div>\n\n\t\t\t\t\t\t<\/div>\n\t\t\t\t<\/div>\n\t\t\t\t<\/div>\n\t\t\t\t<div class=\"elementor-element elementor-element-8306552 elementor-widget elementor-widget-image\" data-id=\"8306552\" data-element_type=\"widget\" data-e-type=\"widget\" data-widget_type=\"image.default\">\n\t\t\t\t<div class=\"elementor-widget-container\">\n\t\t\t\t\t\t\t\t\t\t\t\t\t\t\t<img loading=\"lazy\" decoding=\"async\" width=\"683\" height=\"1024\" src=\"https:\/\/surefooted-slipstream-py.zipwp.xyz\/wp-content\/uploads\/2026\/05\/editing-software-on-macbook-air-17115912-683x1024.jpeg\" class=\"attachment-large size-large wp-image-1133\" alt=\"MacBook Air displaying video editing software interface, ideal for technology and digital content themes.\" srcset=\"https:\/\/surefooted-slipstream-py.zipwp.xyz\/wp-content\/uploads\/2026\/05\/editing-software-on-macbook-air-17115912-683x1024.jpeg 683w, https:\/\/surefooted-slipstream-py.zipwp.xyz\/wp-content\/uploads\/2026\/05\/editing-software-on-macbook-air-17115912-200x300.jpeg 200w, https:\/\/surefooted-slipstream-py.zipwp.xyz\/wp-content\/uploads\/2026\/05\/editing-software-on-macbook-air-17115912.jpeg 700w\" sizes=\"(max-width: 683px) 100vw, 683px\" title=\"Services\">\t\t\t\t\t\t\t\t\t\t\t\t\t\t\t<\/div>\n\t\t\t\t<\/div>\n\t\t\t\t<\/div>\n\t\t\t\t\t<\/div>\n\t\t\t\t<\/div>\n\t\t<div class=\"elementor-element elementor-element-d4304c4 e-flex e-con-boxed e-con e-parent\" data-id=\"d4304c4\" data-element_type=\"container\" data-e-type=\"container\" data-settings=\"{&quot;background_background&quot;:&quot;classic&quot;,&quot;shape_divider_top&quot;:&quot;tilt&quot;}\">\n\t\t\t\t\t<div class=\"e-con-inner\">\n\t\t\t\t<div class=\"elementor-shape elementor-shape-top\" aria-hidden=\"true\" data-negative=\"false\">\n\t\t\t<svg xmlns=\"http:\/\/www.w3.org\/2000\/svg\" viewbox=\"0 0 1000 100\" preserveaspectratio=\"none\">\n\t<path class=\"elementor-shape-fill\" d=\"M0,6V0h1000v100L0,6z\"\/>\n<\/svg>\t\t<\/div>\n\t\t\t\t<div class=\"elementor-element elementor-element-dd6e0ae elementor-widget elementor-widget-heading\" data-id=\"dd6e0ae\" data-element_type=\"widget\" data-e-type=\"widget\" data-widget_type=\"heading.default\">\n\t\t\t\t<div class=\"elementor-widget-container\">\n\t\t\t\t\t<span class=\"elementor-heading-title elementor-size-default\">Pr\u00eat \u00e0 commencer ?<\/span>\t\t\t\t<\/div>\n\t\t\t\t<\/div>\n\t\t\t\t<div class=\"elementor-element elementor-element-2d6c904 elementor-widget elementor-widget-hfe-infocard\" data-id=\"2d6c904\" data-element_type=\"widget\" data-e-type=\"widget\" data-widget_type=\"hfe-infocard.default\">\n\t\t\t\t<div class=\"elementor-widget-container\">\n\t\t\t\t\t\n\t\t<div class=\"hfe-infocard\">\n\t\t\t\t\t\t\t\t\t<div class=\"hfe-infocard-title-wrap\">\n\t\t\t\t<h2 class=\"hfe-infocard-title elementor-inline-editing\" data-elementor-setting-key=\"infocard_title\" data-elementor-inline-editing-toolbar=\"basic\" >Contactez-nous d\u00e8s aujourd\u2019hui pour une consultation gratuite.<\/h2>\t\t\t<\/div>\n\t\t\t\t\t\t<div class=\"hfe-infocard-text-wrap\">\n\t\t\t\t<div class=\"hfe-infocard-text elementor-inline-editing\" data-elementor-setting-key=\"infocard_description\" data-elementor-inline-editing-toolbar=\"advanced\">\n\t\t\t\t\tNotre \u00e9quipe est pr\u00eate \u00e0 vous aider \u00e0 apporter votre projet \u00e0 la vie avec cr\u00e9ativit\u00e9 et innovation.\t\t\t\t<\/div>\n\t\t\t\t\t\t\t<div class=\"hfe-button-wrapper elementor-widget-button\">\n\t\t\t\t<a href=\"\/en\/contact\/\" class=\"elementor-button-link elementor-button elementor-size-sm\">\n\t\t\t\t\t<span class=\"elementor-button-text elementor-inline-editing\"  data-elementor-setting-key=\"infocard_button_text\" data-elementor-inline-editing-toolbar=\"none\">Contactez-nous<\/span>\n\t\t\t\t<\/a>\n\t\t\t<\/div>\n\t\t\t\t\t\t<\/div>\n\t\t<\/div>\n\n\t\t\t\t\t\t<\/div>\n\t\t\t\t<\/div>\n\t\t\t\t\t<\/div>\n\t\t\t\t<\/div>\n\t\t\t\t<\/div>","protected":false},"excerpt":{"rendered":"<p>{{SERVICES_HERO_PREFIX}} {{SERVICES_HERO_HEADING}} 01. {{SERVICE_HEADING_1}} {{SERVICE_DETAILED_DESCRIPTION_1}} 02. {{SERVICE_HEADING_2}} {{SERVICE_DETAILED_DESCRIPTION_2}} 03. {{SERVICE_HEADING_3}} {{SERVICE_DETAILED_DESCRIPTION_3}} 04. {{SERVICE_HEADING_4}} {{SERVICE_DETAILED_DESCRIPTION_4}} {{FOOTER_CTA_PREFIX}} {{FOOTER_CTA_HEADING}} {{FOOTER_CTA_SUBHEADING}} {{CTA_BTN}}<\/p>","protected":false},"author":3,"featured_media":0,"parent":0,"menu_order":0,"comment_status":"closed","ping_status":"closed","template":"","meta":{"_angie_page":false,"site-sidebar-layout":"no-sidebar","site-content-layout":"","ast-site-content-layout":"full-width-container","site-content-style":"default","site-sidebar-style":"default","ast-global-header-display":"","ast-banner-title-visibility":"","ast-main-header-display":"","ast-hfb-above-header-display":"","ast-hfb-below-header-display":"","ast-hfb-mobile-header-display":"","site-post-title":"disabled","ast-breadcrumbs-content":"","ast-featured-img":"disabled","footer-sml-layout":"","ast-disable-related-posts":"","theme-transparent-header-meta":"","adv-header-id-meta":"","stick-header-meta":"","header-above-stick-meta":"","header-main-stick-meta":"","header-below-stick-meta":"","astra-migrate-meta-layouts":"default","ast-page-background-enabled":"default","ast-page-background-meta":{"desktop":{"background-color":"var(--ast-global-color-5)","background-image":"","background-repeat":"repeat","background-position":"center center","background-size":"auto","background-attachment":"scroll","background-type":"","background-media":"","overlay-type":"","overlay-color":"","overlay-opacity":"","overlay-gradient":""},"tablet":{"background-color":"","background-image":"","background-repeat":"repeat","background-position":"center center","background-size":"auto","background-attachment":"scroll","background-type":"","background-media":"","overlay-type":"","overlay-color":"","overlay-opacity":"","overlay-gradient":""},"mobile":{"background-color":"","background-image":"","background-repeat":"repeat","background-position":"center center","background-size":"auto","background-attachment":"scroll","background-type":"","background-media":"","overlay-type":"","overlay-color":"","overlay-opacity":"","overlay-gradient":""}},"ast-content-background-meta":{"desktop":{"background-color":"var(--ast-global-color-4)","background-image":"","background-repeat":"repeat","background-position":"center center","background-size":"auto","background-attachment":"scroll","background-type":"","background-media":"","overlay-type":"","overlay-color":"","overlay-opacity":"","overlay-gradient":""},"tablet":{"background-color":"var(--ast-global-color-4)","background-image":"","background-repeat":"repeat","background-position":"center center","background-size":"auto","background-attachment":"scroll","background-type":"","background-media":"","overlay-type":"","overlay-color":"","overlay-opacity":"","overlay-gradient":""},"mobile":{"background-color":"var(--ast-global-color-4)","background-image":"","background-repeat":"repeat","background-position":"center center","background-size":"auto","background-attachment":"scroll","background-type":"","background-media":"","overlay-type":"","overlay-color":"","overlay-opacity":"","overlay-gradient":""}},"footnotes":""},"class_list":["post-18","page","type-page","status-publish","hentry"],"_links":{"self":[{"href":"https:\/\/surefooted-slipstream-py.zipwp.xyz\/en\/wp-json\/wp\/v2\/pages\/18","targetHints":{"allow":["GET"]}}],"collection":[{"href":"https:\/\/surefooted-slipstream-py.zipwp.xyz\/en\/wp-json\/wp\/v2\/pages"}],"about":[{"href":"https:\/\/surefooted-slipstream-py.zipwp.xyz\/en\/wp-json\/wp\/v2\/types\/page"}],"author":[{"embeddable":true,"href":"https:\/\/surefooted-slipstream-py.zipwp.xyz\/en\/wp-json\/wp\/v2\/users\/3"}],"replies":[{"embeddable":true,"href":"https:\/\/surefooted-slipstream-py.zipwp.xyz\/en\/wp-json\/wp\/v2\/comments?post=18"}],"version-history":[{"count":0,"href":"https:\/\/surefooted-slipstream-py.zipwp.xyz\/en\/wp-json\/wp\/v2\/pages\/18\/revisions"}],"wp:attachment":[{"href":"https:\/\/surefooted-slipstream-py.zipwp.xyz\/en\/wp-json\/wp\/v2\/media?parent=18"}],"curies":[{"name":"wp","href":"https:\/\/api.w.org\/{rel}","templated":true}]}}