{"id":16,"date":"2025-06-25T09:15:37","date_gmt":"2025-06-25T09:15:37","guid":{"rendered":"https:\/\/e-multipurpose23.ziptemplates.top\/?page_id=16"},"modified":"2025-06-30T02:55:36","modified_gmt":"2025-06-30T02:55:36","slug":"about","status":"publish","type":"page","link":"https:\/\/surefooted-slipstream-py.zipwp.xyz\/en\/about\/","title":{"rendered":"About"},"content":{"rendered":"<div data-elementor-type=\"wp-page\" data-elementor-id=\"16\" class=\"elementor elementor-16\">\n\t\t\t\t<div class=\"elementor-element elementor-element-b7237af e-flex e-con-boxed e-con e-parent\" data-id=\"b7237af\" data-element_type=\"container\" data-e-type=\"container\" data-settings=\"{&quot;background_background&quot;:&quot;classic&quot;,&quot;shape_divider_bottom&quot;:&quot;tilt&quot;}\">\n\t\t\t\t\t<div class=\"e-con-inner\">\n\t\t\t\t<div class=\"elementor-shape elementor-shape-bottom\" aria-hidden=\"true\" data-negative=\"false\">\n\t\t\t<svg xmlns=\"http:\/\/www.w3.org\/2000\/svg\" viewbox=\"0 0 1000 100\" preserveaspectratio=\"none\">\n\t<path class=\"elementor-shape-fill\" d=\"M0,6V0h1000v100L0,6z\"\/>\n<\/svg>\t\t<\/div>\n\t\t\t\t<div class=\"elementor-element elementor-element-e59e38e elementor-widget elementor-widget-heading\" data-id=\"e59e38e\" data-element_type=\"widget\" data-e-type=\"widget\" data-widget_type=\"heading.default\">\n\t\t\t\t<div class=\"elementor-widget-container\">\n\t\t\t\t\t<div class=\"elementor-heading-title elementor-size-default\">\u00c0 propos<\/div>\t\t\t\t<\/div>\n\t\t\t\t<\/div>\n\t\t\t\t<div class=\"elementor-element elementor-element-279b14e elementor-widget elementor-widget-heading\" data-id=\"279b14e\" data-element_type=\"widget\" data-e-type=\"widget\" data-widget_type=\"heading.default\">\n\t\t\t\t<div class=\"elementor-widget-container\">\n\t\t\t\t\t<h1 class=\"elementor-heading-title elementor-size-default\">D\u00e9couvrez Yaya Creative Agency et notre expertise digitale<\/h1>\t\t\t\t<\/div>\n\t\t\t\t<\/div>\n\t\t\t\t\t<\/div>\n\t\t\t\t<\/div>\n\t\t<div class=\"elementor-element elementor-element-3f64db3 e-flex e-con-boxed e-con e-parent\" data-id=\"3f64db3\" data-element_type=\"container\" data-e-type=\"container\">\n\t\t\t\t\t<div class=\"e-con-inner\">\n\t\t\t\t<div class=\"elementor-element elementor-element-d4bb170 elementor-widget elementor-widget-heading\" data-id=\"d4bb170\" data-element_type=\"widget\" data-e-type=\"widget\" data-widget_type=\"heading.default\">\n\t\t\t\t<div class=\"elementor-widget-container\">\n\t\t\t\t\t<div class=\"elementor-heading-title elementor-size-default\">Notre histoire<\/div>\t\t\t\t<\/div>\n\t\t\t\t<\/div>\n\t\t\t\t<div class=\"elementor-element elementor-element-f1562ee elementor-widget elementor-widget-heading\" data-id=\"f1562ee\" data-element_type=\"widget\" data-e-type=\"widget\" data-widget_type=\"heading.default\">\n\t\t\t\t<div class=\"elementor-widget-container\">\n\t\t\t\t\t<h2 class=\"elementor-heading-title elementor-size-default\">Yaya Creative Agency : Votre partenaire pour le succ\u00e8s digital<\/h2>\t\t\t\t<\/div>\n\t\t\t\t<\/div>\n\t\t<div class=\"elementor-element elementor-element-de6fff7 e-con-full e-flex e-con e-child\" data-id=\"de6fff7\" data-element_type=\"container\" data-e-type=\"container\">\n\t\t<div class=\"elementor-element elementor-element-6434562 e-con-full e-flex e-con e-child\" data-id=\"6434562\" data-element_type=\"container\" data-e-type=\"container\">\n\t\t\t\t<div class=\"elementor-element elementor-element-d389ae1 elementor-widget elementor-widget-image\" data-id=\"d389ae1\" data-element_type=\"widget\" data-e-type=\"widget\" data-widget_type=\"image.default\">\n\t\t\t\t<div class=\"elementor-widget-container\">\n\t\t\t\t\t\t\t\t\t\t\t\t\t\t\t<img fetchpriority=\"high\" decoding=\"async\" width=\"700\" height=\"834\" src=\"https:\/\/surefooted-slipstream-py.zipwp.xyz\/wp-content\/uploads\/2026\/05\/a-couple-using-a-laptop-10107709.jpeg\" class=\"attachment-large size-large wp-image-1135\" alt=\"Two people collaborating on a laptop indoors with a modern wall backdrop.\" srcset=\"https:\/\/surefooted-slipstream-py.zipwp.xyz\/wp-content\/uploads\/2026\/05\/a-couple-using-a-laptop-10107709.jpeg 700w, https:\/\/surefooted-slipstream-py.zipwp.xyz\/wp-content\/uploads\/2026\/05\/a-couple-using-a-laptop-10107709-252x300.jpeg 252w\" sizes=\"(max-width: 700px) 100vw, 700px\" title=\"About\">\t\t\t\t\t\t\t\t\t\t\t\t\t\t\t<\/div>\n\t\t\t\t<\/div>\n\t\t\t\t<\/div>\n\t\t<div class=\"elementor-element elementor-element-b9e1e5c e-con-full e-flex e-con e-child\" data-id=\"b9e1e5c\" data-element_type=\"container\" data-e-type=\"container\">\n\t\t\t\t<div class=\"elementor-element elementor-element-883f62f elementor-widget elementor-widget-hfe-infocard\" data-id=\"883f62f\" data-element_type=\"widget\" data-e-type=\"widget\" data-widget_type=\"hfe-infocard.default\">\n\t\t\t\t<div class=\"elementor-widget-container\">\n\t\t\t\t\t\n\t\t<div class=\"hfe-infocard\">\n\t\t\t\t\t\t\t\t\t<div class=\"hfe-infocard-title-wrap\">\n\t\t\t\t<h3 class=\"hfe-infocard-title elementor-inline-editing\" data-elementor-setting-key=\"infocard_title\" data-elementor-inline-editing-toolbar=\"basic\" >Nous avons aid\u00e9 nos clients \u00e0 accro\u00eetre leur visibilit\u00e9 en ligne et \u00e0 atteindre leurs objectifs avec des solutions cr\u00e9atives et efficaces.<\/h3>\t\t\t<\/div>\n\t\t\t\t\t\t<div class=\"hfe-infocard-text-wrap\">\n\t\t\t\t<div class=\"hfe-infocard-text elementor-inline-editing\" data-elementor-setting-key=\"infocard_description\" data-elementor-inline-editing-toolbar=\"advanced\">\n\t\t\t\t\t\u00c0 Yaya Creative Agency, nous nous engageons \u00e0 transformer votre vision en r\u00e9alit\u00e9. Nos projets ont permis \u00e0 de nombreuses entreprises d'augmenter leur trafic web et de renforcer leur image de marque, tout en offrant des exp\u00e9riences utilisateurs uniques et captivantes. Nous sommes fiers d'\u00eatre le partenaire de choix pour ceux qui cherchent \u00e0 innover dans l'espace num\u00e9rique.\t\t\t\t<\/div>\n\t\t\t\t\t\t\t<\/div>\n\t\t<\/div>\n\n\t\t\t\t\t\t<\/div>\n\t\t\t\t<\/div>\n\t\t\t\t<div class=\"elementor-element elementor-element-9290805 elementor-widget elementor-widget-heading\" data-id=\"9290805\" data-element_type=\"widget\" data-e-type=\"widget\" data-widget_type=\"heading.default\">\n\t\t\t\t<div class=\"elementor-widget-container\">\n\t\t\t\t\t<p class=\"elementor-heading-title elementor-size-default\">Gr\u00e2ce \u00e0 notre expertise, nos clients ont constat\u00e9 une augmentation significative de leur engagement en ligne et une fid\u00e9lisation accrue.<\/p>\t\t\t\t<\/div>\n\t\t\t\t<\/div>\n\t\t\t\t<\/div>\n\t\t\t\t<\/div>\n\t\t\t\t\t<\/div>\n\t\t\t\t<\/div>\n\t\t<div class=\"elementor-element elementor-element-7e69932 e-flex e-con-boxed e-con e-parent\" data-id=\"7e69932\" data-element_type=\"container\" data-e-type=\"container\" data-settings=\"{&quot;background_background&quot;:&quot;classic&quot;,&quot;shape_divider_top&quot;:&quot;tilt&quot;,&quot;shape_divider_bottom&quot;:&quot;tilt&quot;}\">\n\t\t\t\t\t<div class=\"e-con-inner\">\n\t\t\t\t<div class=\"elementor-shape elementor-shape-top\" aria-hidden=\"true\" data-negative=\"false\">\n\t\t\t<svg xmlns=\"http:\/\/www.w3.org\/2000\/svg\" viewbox=\"0 0 1000 100\" preserveaspectratio=\"none\">\n\t<path class=\"elementor-shape-fill\" d=\"M0,6V0h1000v100L0,6z\"\/>\n<\/svg>\t\t<\/div>\n\t\t\t\t<div class=\"elementor-shape elementor-shape-bottom\" aria-hidden=\"true\" data-negative=\"false\">\n\t\t\t<svg xmlns=\"http:\/\/www.w3.org\/2000\/svg\" viewbox=\"0 0 1000 100\" preserveaspectratio=\"none\">\n\t<path class=\"elementor-shape-fill\" d=\"M0,6V0h1000v100L0,6z\"\/>\n<\/svg>\t\t<\/div>\n\t\t<div class=\"elementor-element elementor-element-70b6f85 e-con-full e-flex e-con e-child\" data-id=\"70b6f85\" data-element_type=\"container\" data-e-type=\"container\">\n\t\t\t\t<div class=\"elementor-element elementor-element-e4b6eb8 elementor-widget elementor-widget-heading\" data-id=\"e4b6eb8\" data-element_type=\"widget\" data-e-type=\"widget\" data-widget_type=\"heading.default\">\n\t\t\t\t<div class=\"elementor-widget-container\">\n\t\t\t\t\t<div class=\"elementor-heading-title elementor-size-default\">Notre histoire<\/div>\t\t\t\t<\/div>\n\t\t\t\t<\/div>\n\t\t\t\t<div class=\"elementor-element elementor-element-3b2cdb6 elementor-widget elementor-widget-hfe-infocard\" data-id=\"3b2cdb6\" data-element_type=\"widget\" data-e-type=\"widget\" data-widget_type=\"hfe-infocard.default\">\n\t\t\t\t<div class=\"elementor-widget-container\">\n\t\t\t\t\t\n\t\t<div class=\"hfe-infocard\">\n\t\t\t\t\t\t\t\t\t<div class=\"hfe-infocard-title-wrap\">\n\t\t\t\t<h2 class=\"hfe-infocard-title elementor-inline-editing\" data-elementor-setting-key=\"infocard_title\" data-elementor-inline-editing-toolbar=\"basic\" >Le parcours inspirant de Yaya Creative Agency<\/h2>\t\t\t<\/div>\n\t\t\t\t\t\t<div class=\"hfe-infocard-text-wrap\">\n\t\t\t\t<div class=\"hfe-infocard-text elementor-inline-editing\" data-elementor-setting-key=\"infocard_description\" data-elementor-inline-editing-toolbar=\"advanced\">\n\t\t\t\t\tYaya Creative Agency a \u00e9t\u00e9 fond\u00e9e avec la passion de transformer des visions num\u00e9riques en r\u00e9alit\u00e9. Depuis nos d\u00e9buts, nous avons eu pour mission d'accompagner des entreprises de toutes tailles dans leur transition vers le digital. Gr\u00e2ce \u00e0 notre expertise en design et marketing, nous sommes devenus un acteur cl\u00e9 dans le domaine des solutions cr\u00e9atives, repoussant sans cesse les limites de l'innovation et de la qualit\u00e9.\t\t\t\t<\/div>\n\t\t\t\t\t\t\t<\/div>\n\t\t<\/div>\n\n\t\t\t\t\t\t<\/div>\n\t\t\t\t<\/div>\n\t\t\t\t<\/div>\n\t\t<div class=\"elementor-element elementor-element-a9132d4 e-con-full e-flex e-con e-child\" data-id=\"a9132d4\" data-element_type=\"container\" data-e-type=\"container\">\n\t\t\t\t<div class=\"elementor-element elementor-element-3b2ce7c elementor-widget elementor-widget-image\" data-id=\"3b2ce7c\" data-element_type=\"widget\" data-e-type=\"widget\" data-widget_type=\"image.default\">\n\t\t\t\t<div class=\"elementor-widget-container\">\n\t\t\t\t\t\t\t\t\t\t\t\t\t\t\t<img decoding=\"async\" width=\"683\" height=\"1024\" src=\"https:\/\/surefooted-slipstream-py.zipwp.xyz\/wp-content\/uploads\/2026\/05\/a-man-sitting-on-a-couch-with-laptop-on-his-lap-while-busy-using-his-cellphone-8585535-683x1024.jpeg\" class=\"attachment-large size-large wp-image-1131\" alt=\"Man in casual wear studying with laptop and smartphone indoors.\" srcset=\"https:\/\/surefooted-slipstream-py.zipwp.xyz\/wp-content\/uploads\/2026\/05\/a-man-sitting-on-a-couch-with-laptop-on-his-lap-while-busy-using-his-cellphone-8585535-683x1024.jpeg 683w, https:\/\/surefooted-slipstream-py.zipwp.xyz\/wp-content\/uploads\/2026\/05\/a-man-sitting-on-a-couch-with-laptop-on-his-lap-while-busy-using-his-cellphone-8585535-200x300.jpeg 200w, https:\/\/surefooted-slipstream-py.zipwp.xyz\/wp-content\/uploads\/2026\/05\/a-man-sitting-on-a-couch-with-laptop-on-his-lap-while-busy-using-his-cellphone-8585535.jpeg 700w\" sizes=\"(max-width: 683px) 100vw, 683px\" title=\"About\">\t\t\t\t\t\t\t\t\t\t\t\t\t\t\t<\/div>\n\t\t\t\t<\/div>\n\t\t\t\t<\/div>\n\t\t\t\t\t<\/div>\n\t\t\t\t<\/div>\n\t\t<div class=\"elementor-element elementor-element-f6e1d5d e-flex e-con-boxed e-con e-parent\" data-id=\"f6e1d5d\" data-element_type=\"container\" data-e-type=\"container\">\n\t\t\t\t\t<div class=\"e-con-inner\">\n\t\t<div class=\"elementor-element elementor-element-7ddcf8b e-con-full e-flex e-con e-child\" data-id=\"7ddcf8b\" data-element_type=\"container\" data-e-type=\"container\">\n\t\t\t\t<div class=\"elementor-element elementor-element-330a553 elementor-widget elementor-widget-heading\" data-id=\"330a553\" data-element_type=\"widget\" data-e-type=\"widget\" data-widget_type=\"heading.default\">\n\t\t\t\t<div class=\"elementor-widget-container\">\n\t\t\t\t\t<div class=\"elementor-heading-title elementor-size-default\">Nos missions et valeurs<\/div>\t\t\t\t<\/div>\n\t\t\t\t<\/div>\n\t\t\t\t<div class=\"elementor-element elementor-element-35c5bf1 elementor-widget elementor-widget-heading\" data-id=\"35c5bf1\" data-element_type=\"widget\" data-e-type=\"widget\" data-widget_type=\"heading.default\">\n\t\t\t\t<div class=\"elementor-widget-container\">\n\t\t\t\t\t<h2 class=\"elementor-heading-title elementor-size-default\">Engagement envers l'excellence et l'innovation<\/h2>\t\t\t\t<\/div>\n\t\t\t\t<\/div>\n\t\t\t\t<\/div>\n\t\t<div class=\"elementor-element elementor-element-a5cc7ff e-con-full e-flex e-con e-child\" data-id=\"a5cc7ff\" data-element_type=\"container\" data-e-type=\"container\">\n\t\t\t\t<div class=\"elementor-element elementor-element-3cd45d2 elementor-widget elementor-widget-hfe-infocard\" data-id=\"3cd45d2\" data-element_type=\"widget\" data-e-type=\"widget\" data-widget_type=\"hfe-infocard.default\">\n\t\t\t\t<div class=\"elementor-widget-container\">\n\t\t\t\t\t\n\t\t<div class=\"hfe-infocard\">\n\t\t\t\t\t\t\t\t\t<div class=\"hfe-infocard-title-wrap\">\n\t\t\t\t<h3 class=\"hfe-infocard-title elementor-inline-editing\" data-elementor-setting-key=\"infocard_title\" data-elementor-inline-editing-toolbar=\"basic\" >Notre mission<\/h3>\t\t\t<\/div>\n\t\t\t\t\t\t<div class=\"hfe-infocard-text-wrap\">\n\t\t\t\t<div class=\"hfe-infocard-text elementor-inline-editing\" data-elementor-setting-key=\"infocard_description\" data-elementor-inline-editing-toolbar=\"advanced\">\n\t\t\t\t\tChez Yaya Creative Agency, notre mission est de fournir des solutions num\u00e9riques exceptionnelles qui aident nos clients \u00e0 atteindre leurs objectifs. Nous nous engageons \u00e0 offrir une exp\u00e9rience utilisateur optimale tout en restant \u00e0 la pointe des tendances num\u00e9riques pour garantir un impact durable sur le march\u00e9.\t\t\t\t<\/div>\n\t\t\t\t\t\t\t<\/div>\n\t\t<\/div>\n\n\t\t\t\t\t\t<\/div>\n\t\t\t\t<\/div>\n\t\t\t\t<div class=\"elementor-element elementor-element-6539b65 elementor-widget-divider--view-line elementor-widget elementor-widget-divider\" data-id=\"6539b65\" data-element_type=\"widget\" data-e-type=\"widget\" data-widget_type=\"divider.default\">\n\t\t\t\t<div class=\"elementor-widget-container\">\n\t\t\t\t\t\t\t<div class=\"elementor-divider\">\n\t\t\t<span class=\"elementor-divider-separator\">\n\t\t\t\t\t\t<\/span>\n\t\t<\/div>\n\t\t\t\t\t\t<\/div>\n\t\t\t\t<\/div>\n\t\t\t\t<div class=\"elementor-element elementor-element-46b9c5d elementor-widget elementor-widget-hfe-infocard\" data-id=\"46b9c5d\" data-element_type=\"widget\" data-e-type=\"widget\" data-widget_type=\"hfe-infocard.default\">\n\t\t\t\t<div class=\"elementor-widget-container\">\n\t\t\t\t\t\n\t\t<div class=\"hfe-infocard\">\n\t\t\t\t\t\t\t\t\t<div class=\"hfe-infocard-title-wrap\">\n\t\t\t\t<h3 class=\"hfe-infocard-title elementor-inline-editing\" data-elementor-setting-key=\"infocard_title\" data-elementor-inline-editing-toolbar=\"basic\" >Nos valeurs<\/h3>\t\t\t<\/div>\n\t\t\t\t\t\t<div class=\"hfe-infocard-text-wrap\">\n\t\t\t\t<div class=\"hfe-infocard-text elementor-inline-editing\" data-elementor-setting-key=\"infocard_description\" data-elementor-inline-editing-toolbar=\"advanced\">\n\t\t\t\t\tNous croyons en l'int\u00e9grit\u00e9, la cr\u00e9ativit\u00e9 et la collaboration. Chaque projet est abord\u00e9 avec une approche personnalis\u00e9e, respectant les besoins uniques de nos clients. Notre objectif est de b\u00e2tir des relations de confiance tout en soutenant l'innovation pour un avenir digital prosp\u00e8re.\t\t\t\t<\/div>\n\t\t\t\t\t\t\t<\/div>\n\t\t<\/div>\n\n\t\t\t\t\t\t<\/div>\n\t\t\t\t<\/div>\n\t\t\t\t<\/div>\n\t\t\t\t\t<\/div>\n\t\t\t\t<\/div>\n\t\t<div class=\"elementor-element elementor-element-01ad44d e-flex e-con-boxed e-con e-parent\" data-id=\"01ad44d\" data-element_type=\"container\" data-e-type=\"container\" data-settings=\"{&quot;background_background&quot;:&quot;gradient&quot;,&quot;shape_divider_top&quot;:&quot;tilt&quot;}\">\n\t\t\t\t\t<div class=\"e-con-inner\">\n\t\t\t\t<div class=\"elementor-shape elementor-shape-top\" aria-hidden=\"true\" data-negative=\"false\">\n\t\t\t<svg xmlns=\"http:\/\/www.w3.org\/2000\/svg\" viewbox=\"0 0 1000 100\" preserveaspectratio=\"none\">\n\t<path class=\"elementor-shape-fill\" d=\"M0,6V0h1000v100L0,6z\"\/>\n<\/svg>\t\t<\/div>\n\t\t\t\t<div class=\"elementor-element elementor-element-4a2ffdd elementor-widget elementor-widget-heading\" data-id=\"4a2ffdd\" data-element_type=\"widget\" data-e-type=\"widget\" data-widget_type=\"heading.default\">\n\t\t\t\t<div class=\"elementor-widget-container\">\n\t\t\t\t\t<div class=\"elementor-heading-title elementor-size-default\">Notre \u00e9quipe<\/div>\t\t\t\t<\/div>\n\t\t\t\t<\/div>\n\t\t\t\t<div class=\"elementor-element elementor-element-b27b206 elementor-widget elementor-widget-heading\" data-id=\"b27b206\" data-element_type=\"widget\" data-e-type=\"widget\" data-widget_type=\"heading.default\">\n\t\t\t\t<div class=\"elementor-widget-container\">\n\t\t\t\t\t<h2 class=\"elementor-heading-title elementor-size-default\">Professionnels d\u00e9vou\u00e9s et passionn\u00e9s<\/h2>\t\t\t\t<\/div>\n\t\t\t\t<\/div>\n\t\t<div class=\"elementor-element elementor-element-f24aa1b e-con-full e-flex e-con e-child\" data-id=\"f24aa1b\" data-element_type=\"container\" data-e-type=\"container\">\n\t\t\t\t<div class=\"elementor-element elementor-element-9543dea elementor-widget__width-initial elementor-position-top elementor-widget elementor-widget-image-box\" data-id=\"9543dea\" data-element_type=\"widget\" data-e-type=\"widget\" data-widget_type=\"image-box.default\">\n\t\t\t\t<div class=\"elementor-widget-container\">\n\t\t\t\t\t<div class=\"elementor-image-box-wrapper\"><figure class=\"elementor-image-box-img\"><img decoding=\"async\" width=\"220\" height=\"220\" src=\"https:\/\/surefooted-slipstream-py.zipwp.xyz\/wp-content\/uploads\/2025\/06\/team-skip-01-1.jpg\" class=\"attachment-full size-full wp-image-69\" alt=\"Team Skip 01 1\" title=\"About\" srcset=\"https:\/\/surefooted-slipstream-py.zipwp.xyz\/wp-content\/uploads\/2025\/06\/team-skip-01-1.jpg 220w, https:\/\/surefooted-slipstream-py.zipwp.xyz\/wp-content\/uploads\/2025\/06\/team-skip-01-1-150x150.jpg 150w\" sizes=\"(max-width: 220px) 100vw, 220px\" \/><\/figure><div class=\"elementor-image-box-content\"><p class=\"elementor-image-box-title\">Wade Warren<\/p><p class=\"elementor-image-box-description\">Propri\u00e9taire<\/p><\/div><\/div>\t\t\t\t<\/div>\n\t\t\t\t<\/div>\n\t\t\t\t<div class=\"elementor-element elementor-element-7a70682 elementor-widget__width-initial elementor-position-top elementor-widget elementor-widget-image-box\" data-id=\"7a70682\" data-element_type=\"widget\" data-e-type=\"widget\" data-widget_type=\"image-box.default\">\n\t\t\t\t<div class=\"elementor-widget-container\">\n\t\t\t\t\t<div class=\"elementor-image-box-wrapper\"><figure class=\"elementor-image-box-img\"><img loading=\"lazy\" decoding=\"async\" width=\"220\" height=\"220\" src=\"https:\/\/surefooted-slipstream-py.zipwp.xyz\/wp-content\/uploads\/2025\/06\/team-skip-02-1.jpg\" class=\"attachment-full size-full wp-image-70\" alt=\"Team Skip 02 1\" title=\"About\" srcset=\"https:\/\/surefooted-slipstream-py.zipwp.xyz\/wp-content\/uploads\/2025\/06\/team-skip-02-1.jpg 220w, https:\/\/surefooted-slipstream-py.zipwp.xyz\/wp-content\/uploads\/2025\/06\/team-skip-02-1-150x150.jpg 150w\" sizes=\"(max-width: 220px) 100vw, 220px\" \/><\/figure><div class=\"elementor-image-box-content\"><p class=\"elementor-image-box-title\">Cameron Williamson<\/p><p class=\"elementor-image-box-description\">Co-fondateur<\/p><\/div><\/div>\t\t\t\t<\/div>\n\t\t\t\t<\/div>\n\t\t\t\t<div class=\"elementor-element elementor-element-c1b4f9d elementor-widget__width-initial elementor-position-top elementor-widget elementor-widget-image-box\" data-id=\"c1b4f9d\" data-element_type=\"widget\" data-e-type=\"widget\" data-widget_type=\"image-box.default\">\n\t\t\t\t<div class=\"elementor-widget-container\">\n\t\t\t\t\t<div class=\"elementor-image-box-wrapper\"><figure class=\"elementor-image-box-img\"><img loading=\"lazy\" decoding=\"async\" width=\"220\" height=\"220\" src=\"https:\/\/surefooted-slipstream-py.zipwp.xyz\/wp-content\/uploads\/2025\/06\/team-skip-03-1.jpg\" class=\"attachment-full size-full wp-image-71\" alt=\"Team Skip 03 1\" title=\"About\" srcset=\"https:\/\/surefooted-slipstream-py.zipwp.xyz\/wp-content\/uploads\/2025\/06\/team-skip-03-1.jpg 220w, https:\/\/surefooted-slipstream-py.zipwp.xyz\/wp-content\/uploads\/2025\/06\/team-skip-03-1-150x150.jpg 150w\" sizes=\"(max-width: 220px) 100vw, 220px\" \/><\/figure><div class=\"elementor-image-box-content\"><p class=\"elementor-image-box-title\">Brooklyn Simmons<\/p><p class=\"elementor-image-box-description\">Responsable marketing<\/p><\/div><\/div>\t\t\t\t<\/div>\n\t\t\t\t<\/div>\n\t\t\t\t<\/div>\n\t\t\t\t\t<\/div>\n\t\t\t\t<\/div>\n\t\t<div class=\"elementor-element elementor-element-816d166 e-flex e-con-boxed e-con e-parent\" data-id=\"816d166\" data-element_type=\"container\" data-e-type=\"container\" data-settings=\"{&quot;background_background&quot;:&quot;classic&quot;,&quot;shape_divider_top&quot;:&quot;tilt&quot;}\">\n\t\t\t\t\t<div class=\"e-con-inner\">\n\t\t\t\t<div class=\"elementor-shape elementor-shape-top\" aria-hidden=\"true\" data-negative=\"false\">\n\t\t\t<svg xmlns=\"http:\/\/www.w3.org\/2000\/svg\" viewbox=\"0 0 1000 100\" preserveaspectratio=\"none\">\n\t<path class=\"elementor-shape-fill\" d=\"M0,6V0h1000v100L0,6z\"\/>\n<\/svg>\t\t<\/div>\n\t\t\t\t<div class=\"elementor-element elementor-element-e9c27d1 elementor-widget elementor-widget-heading\" data-id=\"e9c27d1\" data-element_type=\"widget\" data-e-type=\"widget\" data-widget_type=\"heading.default\">\n\t\t\t\t<div class=\"elementor-widget-container\">\n\t\t\t\t\t<span class=\"elementor-heading-title elementor-size-default\">Pr\u00eat \u00e0 commencer ?<\/span>\t\t\t\t<\/div>\n\t\t\t\t<\/div>\n\t\t\t\t<div class=\"elementor-element elementor-element-c8d92b4 elementor-widget elementor-widget-hfe-infocard\" data-id=\"c8d92b4\" data-element_type=\"widget\" data-e-type=\"widget\" data-widget_type=\"hfe-infocard.default\">\n\t\t\t\t<div class=\"elementor-widget-container\">\n\t\t\t\t\t\n\t\t<div class=\"hfe-infocard\">\n\t\t\t\t\t\t\t\t\t<div class=\"hfe-infocard-title-wrap\">\n\t\t\t\t<h2 class=\"hfe-infocard-title elementor-inline-editing\" data-elementor-setting-key=\"infocard_title\" data-elementor-inline-editing-toolbar=\"basic\" >Contactez-nous d\u00e8s aujourd\u2019hui pour une consultation gratuite.<\/h2>\t\t\t<\/div>\n\t\t\t\t\t\t<div class=\"hfe-infocard-text-wrap\">\n\t\t\t\t<div class=\"hfe-infocard-text elementor-inline-editing\" data-elementor-setting-key=\"infocard_description\" data-elementor-inline-editing-toolbar=\"advanced\">\n\t\t\t\t\tNotre \u00e9quipe est pr\u00eate \u00e0 vous aider \u00e0 apporter votre projet \u00e0 la vie avec cr\u00e9ativit\u00e9 et innovation.\t\t\t\t<\/div>\n\t\t\t\t\t\t\t<div class=\"hfe-button-wrapper elementor-widget-button\">\n\t\t\t\t<a href=\"\/en\/contact\/\" class=\"elementor-button-link elementor-button elementor-size-sm\">\n\t\t\t\t\t<span class=\"elementor-button-text elementor-inline-editing\"  data-elementor-setting-key=\"infocard_button_text\" data-elementor-inline-editing-toolbar=\"none\">Contactez-nous<\/span>\n\t\t\t\t<\/a>\n\t\t\t<\/div>\n\t\t\t\t\t\t<\/div>\n\t\t<\/div>\n\n\t\t\t\t\t\t<\/div>\n\t\t\t\t<\/div>\n\t\t\t\t\t<\/div>\n\t\t\t\t<\/div>\n\t\t\t\t<\/div>","protected":false},"excerpt":{"rendered":"<p>{{ABOUT_HERO_PREFIX}} {{ABOUT_HERO_HEADING}} {{ABOUT_PREFIX}} {{ABOUT_HEADING}} {{ABOUT_DESCRIPTION_3}} {{ABOUT_DESCRIPTION_4}} {{ABOUT_DESCRIPTION_5}} {{ABOUT_HISTORY_PREFIX}} {{ABOUT_HISTORY_HEADING}} {{ABOUT_HISTORY_DESCRIPTION_1}} {{COMPANY_MISSION_VALUE_PREFIX}} {{COMPANY_MISSION_VALUE_HEADING}} {{OUR_MISSION_HEADING}} {{MISSION_STATEMENT}} {{OUR_VALUE_HEADING}} {{VALUE_STATEMENT}} {{OUR_TEAM_PREFIX}} {{OUR_TEAM_HEADING}} {{Wade Warren}} [&hellip;]<\/p>\n","protected":false},"author":3,"featured_media":0,"parent":0,"menu_order":0,"comment_status":"closed","ping_status":"closed","template":"","meta":{"_angie_page":false,"site-sidebar-layout":"no-sidebar","site-content-layout":"","ast-site-content-layout":"full-width-container","site-content-style":"default","site-sidebar-style":"default","ast-global-header-display":"","ast-banner-title-visibility":"","ast-main-header-display":"","ast-hfb-above-header-display":"","ast-hfb-below-header-display":"","ast-hfb-mobile-header-display":"","site-post-title":"disabled","ast-breadcrumbs-content":"","ast-featured-img":"disabled","footer-sml-layout":"","ast-disable-related-posts":"","theme-transparent-header-meta":"","adv-header-id-meta":"","stick-header-meta":"","header-above-stick-meta":"","header-main-stick-meta":"","header-below-stick-meta":"","astra-migrate-meta-layouts":"default","ast-page-background-enabled":"default","ast-page-background-meta":{"desktop":{"background-color":"var(--ast-global-color-5)","background-image":"","background-repeat":"repeat","background-position":"center center","background-size":"auto","background-attachment":"scroll","background-type":"","background-media":"","overlay-type":"","overlay-color":"","overlay-opacity":"","overlay-gradient":""},"tablet":{"background-color":"","background-image":"","background-repeat":"repeat","background-position":"center center","background-size":"auto","background-attachment":"scroll","background-type":"","background-media":"","overlay-type":"","overlay-color":"","overlay-opacity":"","overlay-gradient":""},"mobile":{"background-color":"","background-image":"","background-repeat":"repeat","background-position":"center center","background-size":"auto","background-attachment":"scroll","background-type":"","background-media":"","overlay-type":"","overlay-color":"","overlay-opacity":"","overlay-gradient":""}},"ast-content-background-meta":{"desktop":{"background-color":"var(--ast-global-color-4)","background-image":"","background-repeat":"repeat","background-position":"center center","background-size":"auto","background-attachment":"scroll","background-type":"","background-media":"","overlay-type":"","overlay-color":"","overlay-opacity":"","overlay-gradient":""},"tablet":{"background-color":"var(--ast-global-color-4)","background-image":"","background-repeat":"repeat","background-position":"center center","background-size":"auto","background-attachment":"scroll","background-type":"","background-media":"","overlay-type":"","overlay-color":"","overlay-opacity":"","overlay-gradient":""},"mobile":{"background-color":"var(--ast-global-color-4)","background-image":"","background-repeat":"repeat","background-position":"center center","background-size":"auto","background-attachment":"scroll","background-type":"","background-media":"","overlay-type":"","overlay-color":"","overlay-opacity":"","overlay-gradient":""}},"footnotes":""},"class_list":["post-16","page","type-page","status-publish","hentry"],"_links":{"self":[{"href":"https:\/\/surefooted-slipstream-py.zipwp.xyz\/en\/wp-json\/wp\/v2\/pages\/16","targetHints":{"allow":["GET"]}}],"collection":[{"href":"https:\/\/surefooted-slipstream-py.zipwp.xyz\/en\/wp-json\/wp\/v2\/pages"}],"about":[{"href":"https:\/\/surefooted-slipstream-py.zipwp.xyz\/en\/wp-json\/wp\/v2\/types\/page"}],"author":[{"embeddable":true,"href":"https:\/\/surefooted-slipstream-py.zipwp.xyz\/en\/wp-json\/wp\/v2\/users\/3"}],"replies":[{"embeddable":true,"href":"https:\/\/surefooted-slipstream-py.zipwp.xyz\/en\/wp-json\/wp\/v2\/comments?post=16"}],"version-history":[{"count":0,"href":"https:\/\/surefooted-slipstream-py.zipwp.xyz\/en\/wp-json\/wp\/v2\/pages\/16\/revisions"}],"wp:attachment":[{"href":"https:\/\/surefooted-slipstream-py.zipwp.xyz\/en\/wp-json\/wp\/v2\/media?parent=16"}],"curies":[{"name":"wp","href":"https:\/\/api.w.org\/{rel}","templated":true}]}}